{"id":3263,"date":"2021-07-11T07:41:39","date_gmt":"2021-07-11T05:41:39","guid":{"rendered":"https:\/\/hine-moana.com\/?post_type=product&#038;p=3263"},"modified":"2026-04-27T20:45:52","modified_gmt":"2026-04-27T18:45:52","slug":"collier-enfant-ohie","status":"publish","type":"product","link":"https:\/\/hine-moana.com\/en\/produit\/collier-enfant-ohie\/","title":{"rendered":"Collier Enfant &#8216;\u014chie"},"content":{"rendered":"<p>Ce collier est notre mod\u00e8le le plus simple pour enfants. Il s&#8217;agit d&#8217;une perle cercl\u00e9e, mont\u00e9e sur un cordon en polyester avec des noeuds coulissants. Ce syst\u00e8me permet une utilisation tr\u00e8s simple du collier, et lui permet aussi d&#8217;\u00eatre port\u00e9 en version courte ras du cou, ou en version plus longue.<\/p>\n<p>&nbsp;<\/p>\n<h3>Caract\u00e9ristiques de la perle de Tahiti<\/h3>\n<p>&nbsp;<\/p>\n<p>Taille 8,5 mm \u00e0 9,5 mm, Forme Cercl\u00e9e, Cat\u00e9gorie B<\/p>\n<p>&nbsp;<\/p>\n<p>NOTE<span class=\"Apple-converted-space\">\u00a0:<\/span>\u00a0Votre bijou peut ne pas \u00eatre identique \u00e0 celui ci. Toutes nos perles sont choisies \u00e0 la main et chacune a une couleur et un \u00e9clat intense. Chaque perle est unique, son \u00e9clat, sa taille ainsi que ses couleurs peuvent l\u00e9g\u00e8rement varier, c\u2019est ce qui rend votre bijou si particulier et rare. Cela fera de vous le propri\u00e9taire d\u2019un bijou unique au monde.<\/p>\n<p>&nbsp;<\/p>\n<p><a href=\"https:\/\/hine-moana.com\/perles-et-materiaux\/\">Voir plus d\u2019infos sur nos perles<\/a><\/p>\n<p>&nbsp;<\/p>\n<p>&nbsp;<\/p>\n<p>&nbsp;<\/p>\n<p>Sur les photos, il y a un mod\u00e8le en couleur &#8216;Corail&#8217; et un mod\u00e8le en couleur &#8216;Cr\u00e8me&#8217;.<\/p>\n","protected":false},"excerpt":{"rendered":"<p>Collier pour enfant avec une perle de Tahiti sur cordon noeuds coulissants<\/p>\n","protected":false},"featured_media":3917,"template":"","meta":{"_acf_changed":false,"_et_pb_use_builder":"","_et_pb_old_content":"","_et_gb_content_width":""},"product_brand":[],"product_cat":[279,36],"product_tag":[],"class_list":{"0":"post-3263","1":"product","2":"type-product","3":"status-publish","4":"has-post-thumbnail","6":"product_cat-collier-enfant","7":"product_cat-enfant","9":"first","10":"instock","11":"shipping-taxable","12":"purchasable","13":"product-type-variable"},"acf":[],"yoast_head":"<!-- This site is optimized with the Yoast SEO plugin v27.5 - https:\/\/yoast.com\/product\/yoast-seo-wordpress\/ -->\n<title>Collier Enfant &#039;\u014chie | Hine Moana Tahiti<\/title>\n<meta name=\"robots\" content=\"index, follow, max-snippet:-1, max-image-preview:large, max-video-preview:-1\" \/>\n<link rel=\"canonical\" href=\"https:\/\/hine-moana.com\/en\/produit\/collier-enfant-ohie\/\" \/>\n<meta property=\"og:locale\" content=\"en_US\" \/>\n<meta property=\"og:type\" content=\"article\" \/>\n<meta property=\"og:title\" content=\"Collier Enfant &#039;\u014chie | Hine Moana Tahiti\" \/>\n<meta property=\"og:description\" content=\"Collier pour enfant avec une perle de Tahiti sur cordon noeuds coulissants\" \/>\n<meta property=\"og:url\" content=\"https:\/\/hine-moana.com\/en\/produit\/collier-enfant-ohie\/\" \/>\n<meta property=\"og:site_name\" content=\"Hine Moana Tahiti\" \/>\n<meta property=\"article:publisher\" content=\"https:\/\/www.facebook.com\/hinemoana.tahiti\/\" \/>\n<meta property=\"article:modified_time\" content=\"2026-04-27T18:45:52+00:00\" \/>\n<meta property=\"og:image\" content=\"https:\/\/hine-moana.com\/wp-content\/uploads\/2021\/07\/j.jpg\" \/>\n\t<meta property=\"og:image:width\" content=\"1091\" \/>\n\t<meta property=\"og:image:height\" content=\"720\" \/>\n\t<meta property=\"og:image:type\" content=\"image\/jpeg\" \/>\n<meta name=\"twitter:card\" content=\"summary_large_image\" \/>\n<meta name=\"twitter:label1\" content=\"Est. reading time\" \/>\n\t<meta name=\"twitter:data1\" content=\"1 minute\" \/>\n<script type=\"application\/ld+json\" class=\"yoast-schema-graph\">{\"@context\":\"https:\\\/\\\/schema.org\",\"@graph\":[{\"@type\":\"WebPage\",\"@id\":\"https:\\\/\\\/hine-moana.com\\\/en\\\/produit\\\/collier-enfant-ohie\\\/\",\"url\":\"https:\\\/\\\/hine-moana.com\\\/en\\\/produit\\\/collier-enfant-ohie\\\/\",\"name\":\"Collier Enfant '\u014chie | Hine Moana Tahiti\",\"isPartOf\":{\"@id\":\"https:\\\/\\\/hine-moana.com\\\/en\\\/#website\"},\"primaryImageOfPage\":{\"@id\":\"https:\\\/\\\/hine-moana.com\\\/en\\\/produit\\\/collier-enfant-ohie\\\/#primaryimage\"},\"image\":{\"@id\":\"https:\\\/\\\/hine-moana.com\\\/en\\\/produit\\\/collier-enfant-ohie\\\/#primaryimage\"},\"thumbnailUrl\":\"https:\\\/\\\/hine-moana.com\\\/wp-content\\\/uploads\\\/2021\\\/07\\\/j.jpg\",\"datePublished\":\"2021-07-11T05:41:39+00:00\",\"dateModified\":\"2026-04-27T18:45:52+00:00\",\"breadcrumb\":{\"@id\":\"https:\\\/\\\/hine-moana.com\\\/en\\\/produit\\\/collier-enfant-ohie\\\/#breadcrumb\"},\"inLanguage\":\"en-US\",\"potentialAction\":[{\"@type\":\"ReadAction\",\"target\":[\"https:\\\/\\\/hine-moana.com\\\/en\\\/produit\\\/collier-enfant-ohie\\\/\"]}]},{\"@type\":\"ImageObject\",\"inLanguage\":\"en-US\",\"@id\":\"https:\\\/\\\/hine-moana.com\\\/en\\\/produit\\\/collier-enfant-ohie\\\/#primaryimage\",\"url\":\"https:\\\/\\\/hine-moana.com\\\/wp-content\\\/uploads\\\/2021\\\/07\\\/j.jpg\",\"contentUrl\":\"https:\\\/\\\/hine-moana.com\\\/wp-content\\\/uploads\\\/2021\\\/07\\\/j.jpg\",\"width\":1091,\"height\":720,\"caption\":\"Collier '\u014chie\"},{\"@type\":\"BreadcrumbList\",\"@id\":\"https:\\\/\\\/hine-moana.com\\\/en\\\/produit\\\/collier-enfant-ohie\\\/#breadcrumb\",\"itemListElement\":[{\"@type\":\"ListItem\",\"position\":1,\"name\":\"Accueil\",\"item\":\"https:\\\/\\\/hine-moana.com\\\/en\\\/\"},{\"@type\":\"ListItem\",\"position\":2,\"name\":\"Shop\",\"item\":\"https:\\\/\\\/hine-moana.com\\\/en\\\/shop\\\/\"},{\"@type\":\"ListItem\",\"position\":3,\"name\":\"Collier Enfant &lsquo;\u014chie\"}]},{\"@type\":\"WebSite\",\"@id\":\"https:\\\/\\\/hine-moana.com\\\/en\\\/#website\",\"url\":\"https:\\\/\\\/hine-moana.com\\\/en\\\/\",\"name\":\"Hine Moana Tahiti\",\"description\":\"Dare to enjoy the senses\",\"publisher\":{\"@id\":\"https:\\\/\\\/hine-moana.com\\\/en\\\/#organization\"},\"potentialAction\":[{\"@type\":\"SearchAction\",\"target\":{\"@type\":\"EntryPoint\",\"urlTemplate\":\"https:\\\/\\\/hine-moana.com\\\/en\\\/?s={search_term_string}\"},\"query-input\":{\"@type\":\"PropertyValueSpecification\",\"valueRequired\":true,\"valueName\":\"search_term_string\"}}],\"inLanguage\":\"en-US\"},{\"@type\":\"Organization\",\"@id\":\"https:\\\/\\\/hine-moana.com\\\/en\\\/#organization\",\"name\":\"Hine Moana\",\"url\":\"https:\\\/\\\/hine-moana.com\\\/en\\\/\",\"logo\":{\"@type\":\"ImageObject\",\"inLanguage\":\"en-US\",\"@id\":\"https:\\\/\\\/hine-moana.com\\\/en\\\/#\\\/schema\\\/logo\\\/image\\\/\",\"url\":\"https:\\\/\\\/hine-moana.com\\\/wp-content\\\/uploads\\\/2021\\\/06\\\/logo-hine-moana-noir-1.svg\",\"contentUrl\":\"https:\\\/\\\/hine-moana.com\\\/wp-content\\\/uploads\\\/2021\\\/06\\\/logo-hine-moana-noir-1.svg\",\"width\":1,\"height\":1,\"caption\":\"Hine Moana\"},\"image\":{\"@id\":\"https:\\\/\\\/hine-moana.com\\\/en\\\/#\\\/schema\\\/logo\\\/image\\\/\"},\"sameAs\":[\"https:\\\/\\\/www.facebook.com\\\/hinemoana.tahiti\\\/\",\"https:\\\/\\\/www.instagram.com\\\/hinemoana.tahiti\\\/\"]}]}<\/script>\n<!-- \/ Yoast SEO plugin. -->","yoast_head_json":{"title":"Collier Enfant '\u014chie | Hine Moana Tahiti","robots":{"index":"index","follow":"follow","max-snippet":"max-snippet:-1","max-image-preview":"max-image-preview:large","max-video-preview":"max-video-preview:-1"},"canonical":"https:\/\/hine-moana.com\/en\/produit\/collier-enfant-ohie\/","og_locale":"en_US","og_type":"article","og_title":"Collier Enfant '\u014chie | Hine Moana Tahiti","og_description":"Collier pour enfant avec une perle de Tahiti sur cordon noeuds coulissants","og_url":"https:\/\/hine-moana.com\/en\/produit\/collier-enfant-ohie\/","og_site_name":"Hine Moana Tahiti","article_publisher":"https:\/\/www.facebook.com\/hinemoana.tahiti\/","article_modified_time":"2026-04-27T18:45:52+00:00","og_image":[{"width":1091,"height":720,"url":"https:\/\/hine-moana.com\/wp-content\/uploads\/2021\/07\/j.jpg","type":"image\/jpeg"}],"twitter_card":"summary_large_image","twitter_misc":{"Est. reading time":"1 minute"},"schema":{"@context":"https:\/\/schema.org","@graph":[{"@type":"WebPage","@id":"https:\/\/hine-moana.com\/en\/produit\/collier-enfant-ohie\/","url":"https:\/\/hine-moana.com\/en\/produit\/collier-enfant-ohie\/","name":"Collier Enfant '\u014chie | Hine Moana Tahiti","isPartOf":{"@id":"https:\/\/hine-moana.com\/en\/#website"},"primaryImageOfPage":{"@id":"https:\/\/hine-moana.com\/en\/produit\/collier-enfant-ohie\/#primaryimage"},"image":{"@id":"https:\/\/hine-moana.com\/en\/produit\/collier-enfant-ohie\/#primaryimage"},"thumbnailUrl":"https:\/\/hine-moana.com\/wp-content\/uploads\/2021\/07\/j.jpg","datePublished":"2021-07-11T05:41:39+00:00","dateModified":"2026-04-27T18:45:52+00:00","breadcrumb":{"@id":"https:\/\/hine-moana.com\/en\/produit\/collier-enfant-ohie\/#breadcrumb"},"inLanguage":"en-US","potentialAction":[{"@type":"ReadAction","target":["https:\/\/hine-moana.com\/en\/produit\/collier-enfant-ohie\/"]}]},{"@type":"ImageObject","inLanguage":"en-US","@id":"https:\/\/hine-moana.com\/en\/produit\/collier-enfant-ohie\/#primaryimage","url":"https:\/\/hine-moana.com\/wp-content\/uploads\/2021\/07\/j.jpg","contentUrl":"https:\/\/hine-moana.com\/wp-content\/uploads\/2021\/07\/j.jpg","width":1091,"height":720,"caption":"Collier '\u014chie"},{"@type":"BreadcrumbList","@id":"https:\/\/hine-moana.com\/en\/produit\/collier-enfant-ohie\/#breadcrumb","itemListElement":[{"@type":"ListItem","position":1,"name":"Accueil","item":"https:\/\/hine-moana.com\/en\/"},{"@type":"ListItem","position":2,"name":"Shop","item":"https:\/\/hine-moana.com\/en\/shop\/"},{"@type":"ListItem","position":3,"name":"Collier Enfant &lsquo;\u014chie"}]},{"@type":"WebSite","@id":"https:\/\/hine-moana.com\/en\/#website","url":"https:\/\/hine-moana.com\/en\/","name":"Hine Moana Tahiti","description":"Dare to enjoy the senses","publisher":{"@id":"https:\/\/hine-moana.com\/en\/#organization"},"potentialAction":[{"@type":"SearchAction","target":{"@type":"EntryPoint","urlTemplate":"https:\/\/hine-moana.com\/en\/?s={search_term_string}"},"query-input":{"@type":"PropertyValueSpecification","valueRequired":true,"valueName":"search_term_string"}}],"inLanguage":"en-US"},{"@type":"Organization","@id":"https:\/\/hine-moana.com\/en\/#organization","name":"Hine Moana","url":"https:\/\/hine-moana.com\/en\/","logo":{"@type":"ImageObject","inLanguage":"en-US","@id":"https:\/\/hine-moana.com\/en\/#\/schema\/logo\/image\/","url":"https:\/\/hine-moana.com\/wp-content\/uploads\/2021\/06\/logo-hine-moana-noir-1.svg","contentUrl":"https:\/\/hine-moana.com\/wp-content\/uploads\/2021\/06\/logo-hine-moana-noir-1.svg","width":1,"height":1,"caption":"Hine Moana"},"image":{"@id":"https:\/\/hine-moana.com\/en\/#\/schema\/logo\/image\/"},"sameAs":["https:\/\/www.facebook.com\/hinemoana.tahiti\/","https:\/\/www.instagram.com\/hinemoana.tahiti\/"]}]}},"_links":{"self":[{"href":"https:\/\/hine-moana.com\/en\/wp-json\/wp\/v2\/product\/3263","targetHints":{"allow":["GET"]}}],"collection":[{"href":"https:\/\/hine-moana.com\/en\/wp-json\/wp\/v2\/product"}],"about":[{"href":"https:\/\/hine-moana.com\/en\/wp-json\/wp\/v2\/types\/product"}],"wp:featuredmedia":[{"embeddable":true,"href":"https:\/\/hine-moana.com\/en\/wp-json\/wp\/v2\/media\/3917"}],"wp:attachment":[{"href":"https:\/\/hine-moana.com\/en\/wp-json\/wp\/v2\/media?parent=3263"}],"wp:term":[{"taxonomy":"product_brand","embeddable":true,"href":"https:\/\/hine-moana.com\/en\/wp-json\/wp\/v2\/product_brand?post=3263"},{"taxonomy":"product_cat","embeddable":true,"href":"https:\/\/hine-moana.com\/en\/wp-json\/wp\/v2\/product_cat?post=3263"},{"taxonomy":"product_tag","embeddable":true,"href":"https:\/\/hine-moana.com\/en\/wp-json\/wp\/v2\/product_tag?post=3263"}],"curies":[{"name":"wp","href":"https:\/\/api.w.org\/{rel}","templated":true}]}}