{"id":3277,"date":"2021-07-11T07:57:58","date_gmt":"2021-07-11T05:57:58","guid":{"rendered":"https:\/\/hine-moana.com\/?post_type=product&#038;p=3277"},"modified":"2026-04-27T20:53:44","modified_gmt":"2026-04-27T18:53:44","slug":"collier-enfant-hapoo","status":"publish","type":"product","link":"https:\/\/hine-moana.com\/en\/produit\/collier-enfant-hapoo\/","title":{"rendered":"Collier Enfant Hapo&#8217;o"},"content":{"rendered":"<p>Le collier en cuir Hapo\u2019o peut se porter en ras du cou ou en version un peu plus longue. Une rondelle de Coco est entour\u00e9e de deux belles perles cercl\u00e9es. C\u2019est un mod\u00e8le simple mais original.<\/p>\n<p>Le syst\u00e8me tr\u00e8s simple des noeuds coulissants vous permet une utilisation tr\u00e8s pratique du collier.<\/p>\n<p>&nbsp;<\/p>\n<h3>Caract\u00e9ristiques des perles de Tahiti<\/h3>\n<p>&nbsp;<\/p>\n<p>Taille de 8 mm \u00e0 9 mm, Forme Cercl\u00e9e, Cat\u00e9gorie B<\/p>\n<p>&nbsp;<\/p>\n<p>Les deux perles sont chacune d\u2019une nuance tr\u00e8s diff\u00e9rente, une perle claire et une perle fonc\u00e9e. Cela permet \u00e0 chaque perle de mettre en valeur l\u2019\u00e9clat de l\u2019autre perle, elles se subliment mutuellement. Si vous pouvez souhaitez unifier les nuances des perles, pr\u00e9cisez \u00ab\u00a0perles claires\u00a0\u00bb ou \u00ab\u00a0perles fonc\u00e9es\u00a0\u00bb lors de votre commande.<\/p>\n<p>&nbsp;<\/p>\n<p>NOTE<span class=\"Apple-converted-space\">\u00a0:<\/span>\u00a0Votre bijou peut ne pas \u00eatre identique \u00e0 celui ci. Toutes nos perles sont choisies \u00e0 la main et chacune a une couleur et un \u00e9clat intense. Chaque perle est unique, son \u00e9clat, sa taille ainsi que ses couleurs peuvent l\u00e9g\u00e8rement varier, c\u2019est ce qui rend votre bijou si particulier et rare. Cela fera de vous le propri\u00e9taire d\u2019un bijou unique au monde.<\/p>\n<p>&nbsp;<\/p>\n<p><a href=\"https:\/\/hine-moana.com\/perles-et-materiaux\/\">Voir plus d\u2019infos sur nos perles et notre cuir.<\/a><\/p>\n<p>&nbsp;<\/p>\n<p>&nbsp;<\/p>\n<p>&nbsp;<\/p>\n<p>Sur les photos, le mod\u00e8le est propos\u00e9 en cuir \u2018Chocolat&#8217;.<\/p>\n<p>&nbsp;<\/p>\n<p>Le cuir \u00e9tant une mati\u00e8re naturelle et organique, quelle que soit la teinte choisie, il foncera avec le temps. Son aspect final apr\u00e8s quelques semaines \u00e0 \u00eatre port\u00e9 sera tr\u00e8s naturel et mat, de par sa mati\u00e8re et sa couleur.<\/p>\n","protected":false},"excerpt":{"rendered":"<p>Collier pour enfant en cuir avec deux perles cercl\u00e9es de Tahiti, ras du cou ou pendant<\/p>\n","protected":false},"featured_media":3278,"template":"","meta":{"_acf_changed":false,"_et_pb_use_builder":"","_et_pb_old_content":"","_et_gb_content_width":""},"product_brand":[],"product_cat":[279,36],"product_tag":[],"class_list":{"0":"post-3277","1":"product","2":"type-product","3":"status-publish","4":"has-post-thumbnail","6":"product_cat-collier-enfant","7":"product_cat-enfant","9":"first","10":"instock","11":"shipping-taxable","12":"purchasable","13":"product-type-variable"},"acf":[],"yoast_head":"<!-- This site is optimized with the Yoast SEO plugin v27.5 - https:\/\/yoast.com\/product\/yoast-seo-wordpress\/ -->\n<title>Collier Enfant Hapo&#039;o | Hine Moana Tahiti<\/title>\n<meta name=\"robots\" content=\"index, follow, max-snippet:-1, max-image-preview:large, max-video-preview:-1\" \/>\n<link rel=\"canonical\" href=\"https:\/\/hine-moana.com\/en\/produit\/collier-enfant-hapoo\/\" \/>\n<meta property=\"og:locale\" content=\"en_US\" \/>\n<meta property=\"og:type\" content=\"article\" \/>\n<meta property=\"og:title\" content=\"Collier Enfant Hapo&#039;o | Hine Moana Tahiti\" \/>\n<meta property=\"og:description\" content=\"Collier pour enfant en cuir avec deux perles cercl\u00e9es de Tahiti, ras du cou ou pendant\" \/>\n<meta property=\"og:url\" content=\"https:\/\/hine-moana.com\/en\/produit\/collier-enfant-hapoo\/\" \/>\n<meta property=\"og:site_name\" content=\"Hine Moana Tahiti\" \/>\n<meta property=\"article:publisher\" content=\"https:\/\/www.facebook.com\/hinemoana.tahiti\/\" \/>\n<meta property=\"article:modified_time\" content=\"2026-04-27T18:53:44+00:00\" \/>\n<meta property=\"og:image\" content=\"https:\/\/hine-moana.com\/wp-content\/uploads\/2021\/07\/img-3211-scaled.jpg\" \/>\n\t<meta property=\"og:image:width\" content=\"2048\" \/>\n\t<meta property=\"og:image:height\" content=\"1365\" \/>\n\t<meta property=\"og:image:type\" content=\"image\/jpeg\" \/>\n<meta name=\"twitter:card\" content=\"summary_large_image\" \/>\n<meta name=\"twitter:label1\" content=\"Est. reading time\" \/>\n\t<meta name=\"twitter:data1\" content=\"2 minutes\" \/>\n<script type=\"application\/ld+json\" class=\"yoast-schema-graph\">{\"@context\":\"https:\\\/\\\/schema.org\",\"@graph\":[{\"@type\":\"WebPage\",\"@id\":\"https:\\\/\\\/hine-moana.com\\\/en\\\/produit\\\/collier-enfant-hapoo\\\/\",\"url\":\"https:\\\/\\\/hine-moana.com\\\/en\\\/produit\\\/collier-enfant-hapoo\\\/\",\"name\":\"Collier Enfant Hapo'o | Hine Moana Tahiti\",\"isPartOf\":{\"@id\":\"https:\\\/\\\/hine-moana.com\\\/en\\\/#website\"},\"primaryImageOfPage\":{\"@id\":\"https:\\\/\\\/hine-moana.com\\\/en\\\/produit\\\/collier-enfant-hapoo\\\/#primaryimage\"},\"image\":{\"@id\":\"https:\\\/\\\/hine-moana.com\\\/en\\\/produit\\\/collier-enfant-hapoo\\\/#primaryimage\"},\"thumbnailUrl\":\"https:\\\/\\\/hine-moana.com\\\/wp-content\\\/uploads\\\/2021\\\/07\\\/img-3211-scaled.jpg\",\"datePublished\":\"2021-07-11T05:57:58+00:00\",\"dateModified\":\"2026-04-27T18:53:44+00:00\",\"breadcrumb\":{\"@id\":\"https:\\\/\\\/hine-moana.com\\\/en\\\/produit\\\/collier-enfant-hapoo\\\/#breadcrumb\"},\"inLanguage\":\"en-US\",\"potentialAction\":[{\"@type\":\"ReadAction\",\"target\":[\"https:\\\/\\\/hine-moana.com\\\/en\\\/produit\\\/collier-enfant-hapoo\\\/\"]}]},{\"@type\":\"ImageObject\",\"inLanguage\":\"en-US\",\"@id\":\"https:\\\/\\\/hine-moana.com\\\/en\\\/produit\\\/collier-enfant-hapoo\\\/#primaryimage\",\"url\":\"https:\\\/\\\/hine-moana.com\\\/wp-content\\\/uploads\\\/2021\\\/07\\\/img-3211-scaled.jpg\",\"contentUrl\":\"https:\\\/\\\/hine-moana.com\\\/wp-content\\\/uploads\\\/2021\\\/07\\\/img-3211-scaled.jpg\",\"width\":2048,\"height\":1365,\"caption\":\"Collier Hapo'o\"},{\"@type\":\"BreadcrumbList\",\"@id\":\"https:\\\/\\\/hine-moana.com\\\/en\\\/produit\\\/collier-enfant-hapoo\\\/#breadcrumb\",\"itemListElement\":[{\"@type\":\"ListItem\",\"position\":1,\"name\":\"Accueil\",\"item\":\"https:\\\/\\\/hine-moana.com\\\/en\\\/\"},{\"@type\":\"ListItem\",\"position\":2,\"name\":\"Shop\",\"item\":\"https:\\\/\\\/hine-moana.com\\\/en\\\/shop\\\/\"},{\"@type\":\"ListItem\",\"position\":3,\"name\":\"Collier Enfant Hapo&rsquo;o\"}]},{\"@type\":\"WebSite\",\"@id\":\"https:\\\/\\\/hine-moana.com\\\/en\\\/#website\",\"url\":\"https:\\\/\\\/hine-moana.com\\\/en\\\/\",\"name\":\"Hine Moana Tahiti\",\"description\":\"Dare to enjoy the senses\",\"publisher\":{\"@id\":\"https:\\\/\\\/hine-moana.com\\\/en\\\/#organization\"},\"potentialAction\":[{\"@type\":\"SearchAction\",\"target\":{\"@type\":\"EntryPoint\",\"urlTemplate\":\"https:\\\/\\\/hine-moana.com\\\/en\\\/?s={search_term_string}\"},\"query-input\":{\"@type\":\"PropertyValueSpecification\",\"valueRequired\":true,\"valueName\":\"search_term_string\"}}],\"inLanguage\":\"en-US\"},{\"@type\":\"Organization\",\"@id\":\"https:\\\/\\\/hine-moana.com\\\/en\\\/#organization\",\"name\":\"Hine Moana\",\"url\":\"https:\\\/\\\/hine-moana.com\\\/en\\\/\",\"logo\":{\"@type\":\"ImageObject\",\"inLanguage\":\"en-US\",\"@id\":\"https:\\\/\\\/hine-moana.com\\\/en\\\/#\\\/schema\\\/logo\\\/image\\\/\",\"url\":\"https:\\\/\\\/hine-moana.com\\\/wp-content\\\/uploads\\\/2021\\\/06\\\/logo-hine-moana-noir-1.svg\",\"contentUrl\":\"https:\\\/\\\/hine-moana.com\\\/wp-content\\\/uploads\\\/2021\\\/06\\\/logo-hine-moana-noir-1.svg\",\"width\":1,\"height\":1,\"caption\":\"Hine Moana\"},\"image\":{\"@id\":\"https:\\\/\\\/hine-moana.com\\\/en\\\/#\\\/schema\\\/logo\\\/image\\\/\"},\"sameAs\":[\"https:\\\/\\\/www.facebook.com\\\/hinemoana.tahiti\\\/\",\"https:\\\/\\\/www.instagram.com\\\/hinemoana.tahiti\\\/\"]}]}<\/script>\n<!-- \/ Yoast SEO plugin. -->","yoast_head_json":{"title":"Collier Enfant Hapo'o | Hine Moana Tahiti","robots":{"index":"index","follow":"follow","max-snippet":"max-snippet:-1","max-image-preview":"max-image-preview:large","max-video-preview":"max-video-preview:-1"},"canonical":"https:\/\/hine-moana.com\/en\/produit\/collier-enfant-hapoo\/","og_locale":"en_US","og_type":"article","og_title":"Collier Enfant Hapo'o | Hine Moana Tahiti","og_description":"Collier pour enfant en cuir avec deux perles cercl\u00e9es de Tahiti, ras du cou ou pendant","og_url":"https:\/\/hine-moana.com\/en\/produit\/collier-enfant-hapoo\/","og_site_name":"Hine Moana Tahiti","article_publisher":"https:\/\/www.facebook.com\/hinemoana.tahiti\/","article_modified_time":"2026-04-27T18:53:44+00:00","og_image":[{"width":2048,"height":1365,"url":"https:\/\/hine-moana.com\/wp-content\/uploads\/2021\/07\/img-3211-scaled.jpg","type":"image\/jpeg"}],"twitter_card":"summary_large_image","twitter_misc":{"Est. reading time":"2 minutes"},"schema":{"@context":"https:\/\/schema.org","@graph":[{"@type":"WebPage","@id":"https:\/\/hine-moana.com\/en\/produit\/collier-enfant-hapoo\/","url":"https:\/\/hine-moana.com\/en\/produit\/collier-enfant-hapoo\/","name":"Collier Enfant Hapo'o | Hine Moana Tahiti","isPartOf":{"@id":"https:\/\/hine-moana.com\/en\/#website"},"primaryImageOfPage":{"@id":"https:\/\/hine-moana.com\/en\/produit\/collier-enfant-hapoo\/#primaryimage"},"image":{"@id":"https:\/\/hine-moana.com\/en\/produit\/collier-enfant-hapoo\/#primaryimage"},"thumbnailUrl":"https:\/\/hine-moana.com\/wp-content\/uploads\/2021\/07\/img-3211-scaled.jpg","datePublished":"2021-07-11T05:57:58+00:00","dateModified":"2026-04-27T18:53:44+00:00","breadcrumb":{"@id":"https:\/\/hine-moana.com\/en\/produit\/collier-enfant-hapoo\/#breadcrumb"},"inLanguage":"en-US","potentialAction":[{"@type":"ReadAction","target":["https:\/\/hine-moana.com\/en\/produit\/collier-enfant-hapoo\/"]}]},{"@type":"ImageObject","inLanguage":"en-US","@id":"https:\/\/hine-moana.com\/en\/produit\/collier-enfant-hapoo\/#primaryimage","url":"https:\/\/hine-moana.com\/wp-content\/uploads\/2021\/07\/img-3211-scaled.jpg","contentUrl":"https:\/\/hine-moana.com\/wp-content\/uploads\/2021\/07\/img-3211-scaled.jpg","width":2048,"height":1365,"caption":"Collier Hapo'o"},{"@type":"BreadcrumbList","@id":"https:\/\/hine-moana.com\/en\/produit\/collier-enfant-hapoo\/#breadcrumb","itemListElement":[{"@type":"ListItem","position":1,"name":"Accueil","item":"https:\/\/hine-moana.com\/en\/"},{"@type":"ListItem","position":2,"name":"Shop","item":"https:\/\/hine-moana.com\/en\/shop\/"},{"@type":"ListItem","position":3,"name":"Collier Enfant Hapo&rsquo;o"}]},{"@type":"WebSite","@id":"https:\/\/hine-moana.com\/en\/#website","url":"https:\/\/hine-moana.com\/en\/","name":"Hine Moana Tahiti","description":"Dare to enjoy the senses","publisher":{"@id":"https:\/\/hine-moana.com\/en\/#organization"},"potentialAction":[{"@type":"SearchAction","target":{"@type":"EntryPoint","urlTemplate":"https:\/\/hine-moana.com\/en\/?s={search_term_string}"},"query-input":{"@type":"PropertyValueSpecification","valueRequired":true,"valueName":"search_term_string"}}],"inLanguage":"en-US"},{"@type":"Organization","@id":"https:\/\/hine-moana.com\/en\/#organization","name":"Hine Moana","url":"https:\/\/hine-moana.com\/en\/","logo":{"@type":"ImageObject","inLanguage":"en-US","@id":"https:\/\/hine-moana.com\/en\/#\/schema\/logo\/image\/","url":"https:\/\/hine-moana.com\/wp-content\/uploads\/2021\/06\/logo-hine-moana-noir-1.svg","contentUrl":"https:\/\/hine-moana.com\/wp-content\/uploads\/2021\/06\/logo-hine-moana-noir-1.svg","width":1,"height":1,"caption":"Hine Moana"},"image":{"@id":"https:\/\/hine-moana.com\/en\/#\/schema\/logo\/image\/"},"sameAs":["https:\/\/www.facebook.com\/hinemoana.tahiti\/","https:\/\/www.instagram.com\/hinemoana.tahiti\/"]}]}},"_links":{"self":[{"href":"https:\/\/hine-moana.com\/en\/wp-json\/wp\/v2\/product\/3277","targetHints":{"allow":["GET"]}}],"collection":[{"href":"https:\/\/hine-moana.com\/en\/wp-json\/wp\/v2\/product"}],"about":[{"href":"https:\/\/hine-moana.com\/en\/wp-json\/wp\/v2\/types\/product"}],"wp:featuredmedia":[{"embeddable":true,"href":"https:\/\/hine-moana.com\/en\/wp-json\/wp\/v2\/media\/3278"}],"wp:attachment":[{"href":"https:\/\/hine-moana.com\/en\/wp-json\/wp\/v2\/media?parent=3277"}],"wp:term":[{"taxonomy":"product_brand","embeddable":true,"href":"https:\/\/hine-moana.com\/en\/wp-json\/wp\/v2\/product_brand?post=3277"},{"taxonomy":"product_cat","embeddable":true,"href":"https:\/\/hine-moana.com\/en\/wp-json\/wp\/v2\/product_cat?post=3277"},{"taxonomy":"product_tag","embeddable":true,"href":"https:\/\/hine-moana.com\/en\/wp-json\/wp\/v2\/product_tag?post=3277"}],"curies":[{"name":"wp","href":"https:\/\/api.w.org\/{rel}","templated":true}]}}