{"id":3290,"date":"2021-07-11T08:13:01","date_gmt":"2021-07-11T06:13:01","guid":{"rendered":"https:\/\/hine-moana.com\/?post_type=product&#038;p=3290"},"modified":"2023-10-31T07:36:19","modified_gmt":"2023-10-31T06:36:19","slug":"collier-maitai","status":"publish","type":"product","link":"https:\/\/hine-moana.com\/en\/produit\/collier-maitai\/","title":{"rendered":"Collier Maita&#8217;i"},"content":{"rendered":"<p>Ce bijou est un collier double, comme si vous portiez un collier ras du cou et un collier pendant, mais d&#8217;une mani\u00e8re simplifi\u00e9e.<\/p>\n<p>Sur son brin de cuir le plus court sont dispos\u00e9es trois belle perles cercl\u00e9es de Tahiti. Sur le brin le plus long pend un petit coquillage.<\/p>\n<p>&nbsp;<\/p>\n<h3>Caract\u00e9ristiques des perles de Tahiti<\/h3>\n<p>&nbsp;<\/p>\n<p>Taille 8 mm \u00e0 9 mm, Forme Cercl\u00e9e, Cat\u00e9gorie B<\/p>\n<p>&nbsp;<\/p>\n<p>Les perles sont chacune d\u2019une nuance tr\u00e8s diff\u00e9rente, un m\u00e9lange de perles claires et de perles fonc\u00e9es. Cela permet \u00e0 chaque perle de mettre en valeur l\u2019\u00e9clat des autres perles, elles se subliment mutuellement. Si vous souhaitez unifier les nuances des perles, choisissez uniquement des &#8220;perles claires&#8221; ou uniquement des \u00a0&#8220;perles fonc\u00e9es.<\/p>\n<p>&nbsp;<\/p>\n<p>NOTE<span class=\"Apple-converted-space\">\u00a0:<\/span>\u00a0Votre bijou peut ne pas \u00eatre identique \u00e0 celui ci. Toutes nos perles sont choisies \u00e0 la main et chacune a une couleur et un \u00e9clat intense. Chaque perle est unique, son \u00e9clat, sa taille ainsi que ses couleurs peuvent l\u00e9g\u00e8rement varier, c\u2019est ce qui rend votre bijou si particulier et rare. Cela fera de vous le propri\u00e9taire d\u2019un bijou unique au monde.<\/p>\n<p>&nbsp;<\/p>\n<p><a href=\"http:\/\/hine-moana.com\/perles-et-materiaux\/\">Voir plus d\u2019infos sur nos perles et notre cuir.<\/a><\/p>\n<p>&nbsp;<\/p>\n<p>&nbsp;<\/p>\n<p>Sur les photos, le tour de cou est de 35 cm et le mod\u00e8le est pr\u00e9sent\u00e9 en couleur de cuir \u2018Whisky\u2019. La mesure du tour de cou d\u00e9finira l\u2019emplacement du brin le plus court du collier Maita&#8217;i.<\/p>\n<p>&nbsp;<\/p>\n<p>Le cuir \u00e9tant une mati\u00e8re naturelle et organique, quelle que soit la teinte choisie, il foncera avec le temps. Son aspect final apr\u00e8s quelques semaines \u00e0 \u00eatre port\u00e9 sera tr\u00e8s naturel et mat, de par sa mati\u00e8re et sa couleur.<\/p>\n","protected":false},"excerpt":{"rendered":"<p>Collier double en cuir pour enfant avec perles de Tahiti et coquillage<\/p>\n","protected":false},"featured_media":3291,"template":"","meta":{"_acf_changed":false,"_et_pb_use_builder":"","_et_pb_old_content":"","_et_gb_content_width":""},"product_brand":[],"product_cat":[279,36],"product_tag":[],"class_list":{"0":"post-3290","1":"product","2":"type-product","3":"status-publish","4":"has-post-thumbnail","6":"product_cat-collier-enfant","7":"product_cat-enfant","9":"first","10":"instock","11":"shipping-taxable","12":"purchasable","13":"product-type-variable"},"acf":[],"yoast_head":"<!-- This site is optimized with the Yoast SEO plugin v27.5 - https:\/\/yoast.com\/product\/yoast-seo-wordpress\/ -->\n<title>Collier Maita&#039;i | Hine Moana Tahiti<\/title>\n<meta name=\"robots\" content=\"index, follow, max-snippet:-1, max-image-preview:large, max-video-preview:-1\" \/>\n<link rel=\"canonical\" href=\"https:\/\/hine-moana.com\/en\/produit\/collier-maitai\/\" \/>\n<meta property=\"og:locale\" content=\"en_US\" \/>\n<meta property=\"og:type\" content=\"article\" \/>\n<meta property=\"og:title\" content=\"Collier Maita&#039;i | Hine Moana Tahiti\" \/>\n<meta property=\"og:description\" content=\"Collier double en cuir pour enfant avec perles de Tahiti et coquillage\" \/>\n<meta property=\"og:url\" content=\"https:\/\/hine-moana.com\/en\/produit\/collier-maitai\/\" \/>\n<meta property=\"og:site_name\" content=\"Hine Moana Tahiti\" \/>\n<meta property=\"article:publisher\" content=\"https:\/\/www.facebook.com\/hinemoana.tahiti\/\" \/>\n<meta property=\"article:modified_time\" content=\"2023-10-31T06:36:19+00:00\" \/>\n<meta property=\"og:image\" content=\"https:\/\/hine-moana.com\/wp-content\/uploads\/2021\/07\/img-4288-scaled.jpg\" \/>\n\t<meta property=\"og:image:width\" content=\"2048\" \/>\n\t<meta property=\"og:image:height\" content=\"1365\" \/>\n\t<meta property=\"og:image:type\" content=\"image\/jpeg\" \/>\n<meta name=\"twitter:card\" content=\"summary_large_image\" \/>\n<meta name=\"twitter:label1\" content=\"Est. reading time\" \/>\n\t<meta name=\"twitter:data1\" content=\"2 minutes\" \/>\n<script type=\"application\/ld+json\" class=\"yoast-schema-graph\">{\"@context\":\"https:\\\/\\\/schema.org\",\"@graph\":[{\"@type\":\"WebPage\",\"@id\":\"https:\\\/\\\/hine-moana.com\\\/en\\\/produit\\\/collier-maitai\\\/\",\"url\":\"https:\\\/\\\/hine-moana.com\\\/en\\\/produit\\\/collier-maitai\\\/\",\"name\":\"Collier Maita'i | Hine Moana Tahiti\",\"isPartOf\":{\"@id\":\"https:\\\/\\\/hine-moana.com\\\/en\\\/#website\"},\"primaryImageOfPage\":{\"@id\":\"https:\\\/\\\/hine-moana.com\\\/en\\\/produit\\\/collier-maitai\\\/#primaryimage\"},\"image\":{\"@id\":\"https:\\\/\\\/hine-moana.com\\\/en\\\/produit\\\/collier-maitai\\\/#primaryimage\"},\"thumbnailUrl\":\"https:\\\/\\\/hine-moana.com\\\/wp-content\\\/uploads\\\/2021\\\/07\\\/img-4288-scaled.jpg\",\"datePublished\":\"2021-07-11T06:13:01+00:00\",\"dateModified\":\"2023-10-31T06:36:19+00:00\",\"breadcrumb\":{\"@id\":\"https:\\\/\\\/hine-moana.com\\\/en\\\/produit\\\/collier-maitai\\\/#breadcrumb\"},\"inLanguage\":\"en-US\",\"potentialAction\":[{\"@type\":\"ReadAction\",\"target\":[\"https:\\\/\\\/hine-moana.com\\\/en\\\/produit\\\/collier-maitai\\\/\"]}]},{\"@type\":\"ImageObject\",\"inLanguage\":\"en-US\",\"@id\":\"https:\\\/\\\/hine-moana.com\\\/en\\\/produit\\\/collier-maitai\\\/#primaryimage\",\"url\":\"https:\\\/\\\/hine-moana.com\\\/wp-content\\\/uploads\\\/2021\\\/07\\\/img-4288-scaled.jpg\",\"contentUrl\":\"https:\\\/\\\/hine-moana.com\\\/wp-content\\\/uploads\\\/2021\\\/07\\\/img-4288-scaled.jpg\",\"width\":2048,\"height\":1365,\"caption\":\"Collier Maita'i\"},{\"@type\":\"BreadcrumbList\",\"@id\":\"https:\\\/\\\/hine-moana.com\\\/en\\\/produit\\\/collier-maitai\\\/#breadcrumb\",\"itemListElement\":[{\"@type\":\"ListItem\",\"position\":1,\"name\":\"Accueil\",\"item\":\"https:\\\/\\\/hine-moana.com\\\/en\\\/\"},{\"@type\":\"ListItem\",\"position\":2,\"name\":\"Shop\",\"item\":\"https:\\\/\\\/hine-moana.com\\\/en\\\/shop\\\/\"},{\"@type\":\"ListItem\",\"position\":3,\"name\":\"Collier Maita&rsquo;i\"}]},{\"@type\":\"WebSite\",\"@id\":\"https:\\\/\\\/hine-moana.com\\\/en\\\/#website\",\"url\":\"https:\\\/\\\/hine-moana.com\\\/en\\\/\",\"name\":\"Hine Moana Tahiti\",\"description\":\"Dare to enjoy the senses\",\"publisher\":{\"@id\":\"https:\\\/\\\/hine-moana.com\\\/en\\\/#organization\"},\"potentialAction\":[{\"@type\":\"SearchAction\",\"target\":{\"@type\":\"EntryPoint\",\"urlTemplate\":\"https:\\\/\\\/hine-moana.com\\\/en\\\/?s={search_term_string}\"},\"query-input\":{\"@type\":\"PropertyValueSpecification\",\"valueRequired\":true,\"valueName\":\"search_term_string\"}}],\"inLanguage\":\"en-US\"},{\"@type\":\"Organization\",\"@id\":\"https:\\\/\\\/hine-moana.com\\\/en\\\/#organization\",\"name\":\"Hine Moana\",\"url\":\"https:\\\/\\\/hine-moana.com\\\/en\\\/\",\"logo\":{\"@type\":\"ImageObject\",\"inLanguage\":\"en-US\",\"@id\":\"https:\\\/\\\/hine-moana.com\\\/en\\\/#\\\/schema\\\/logo\\\/image\\\/\",\"url\":\"https:\\\/\\\/hine-moana.com\\\/wp-content\\\/uploads\\\/2021\\\/06\\\/logo-hine-moana-noir-1.svg\",\"contentUrl\":\"https:\\\/\\\/hine-moana.com\\\/wp-content\\\/uploads\\\/2021\\\/06\\\/logo-hine-moana-noir-1.svg\",\"width\":1,\"height\":1,\"caption\":\"Hine Moana\"},\"image\":{\"@id\":\"https:\\\/\\\/hine-moana.com\\\/en\\\/#\\\/schema\\\/logo\\\/image\\\/\"},\"sameAs\":[\"https:\\\/\\\/www.facebook.com\\\/hinemoana.tahiti\\\/\",\"https:\\\/\\\/www.instagram.com\\\/hinemoana.tahiti\\\/\"]}]}<\/script>\n<!-- \/ Yoast SEO plugin. -->","yoast_head_json":{"title":"Collier Maita'i | Hine Moana Tahiti","robots":{"index":"index","follow":"follow","max-snippet":"max-snippet:-1","max-image-preview":"max-image-preview:large","max-video-preview":"max-video-preview:-1"},"canonical":"https:\/\/hine-moana.com\/en\/produit\/collier-maitai\/","og_locale":"en_US","og_type":"article","og_title":"Collier Maita'i | Hine Moana Tahiti","og_description":"Collier double en cuir pour enfant avec perles de Tahiti et coquillage","og_url":"https:\/\/hine-moana.com\/en\/produit\/collier-maitai\/","og_site_name":"Hine Moana Tahiti","article_publisher":"https:\/\/www.facebook.com\/hinemoana.tahiti\/","article_modified_time":"2023-10-31T06:36:19+00:00","og_image":[{"width":2048,"height":1365,"url":"https:\/\/hine-moana.com\/wp-content\/uploads\/2021\/07\/img-4288-scaled.jpg","type":"image\/jpeg"}],"twitter_card":"summary_large_image","twitter_misc":{"Est. reading time":"2 minutes"},"schema":{"@context":"https:\/\/schema.org","@graph":[{"@type":"WebPage","@id":"https:\/\/hine-moana.com\/en\/produit\/collier-maitai\/","url":"https:\/\/hine-moana.com\/en\/produit\/collier-maitai\/","name":"Collier Maita'i | Hine Moana Tahiti","isPartOf":{"@id":"https:\/\/hine-moana.com\/en\/#website"},"primaryImageOfPage":{"@id":"https:\/\/hine-moana.com\/en\/produit\/collier-maitai\/#primaryimage"},"image":{"@id":"https:\/\/hine-moana.com\/en\/produit\/collier-maitai\/#primaryimage"},"thumbnailUrl":"https:\/\/hine-moana.com\/wp-content\/uploads\/2021\/07\/img-4288-scaled.jpg","datePublished":"2021-07-11T06:13:01+00:00","dateModified":"2023-10-31T06:36:19+00:00","breadcrumb":{"@id":"https:\/\/hine-moana.com\/en\/produit\/collier-maitai\/#breadcrumb"},"inLanguage":"en-US","potentialAction":[{"@type":"ReadAction","target":["https:\/\/hine-moana.com\/en\/produit\/collier-maitai\/"]}]},{"@type":"ImageObject","inLanguage":"en-US","@id":"https:\/\/hine-moana.com\/en\/produit\/collier-maitai\/#primaryimage","url":"https:\/\/hine-moana.com\/wp-content\/uploads\/2021\/07\/img-4288-scaled.jpg","contentUrl":"https:\/\/hine-moana.com\/wp-content\/uploads\/2021\/07\/img-4288-scaled.jpg","width":2048,"height":1365,"caption":"Collier Maita'i"},{"@type":"BreadcrumbList","@id":"https:\/\/hine-moana.com\/en\/produit\/collier-maitai\/#breadcrumb","itemListElement":[{"@type":"ListItem","position":1,"name":"Accueil","item":"https:\/\/hine-moana.com\/en\/"},{"@type":"ListItem","position":2,"name":"Shop","item":"https:\/\/hine-moana.com\/en\/shop\/"},{"@type":"ListItem","position":3,"name":"Collier Maita&rsquo;i"}]},{"@type":"WebSite","@id":"https:\/\/hine-moana.com\/en\/#website","url":"https:\/\/hine-moana.com\/en\/","name":"Hine Moana Tahiti","description":"Dare to enjoy the senses","publisher":{"@id":"https:\/\/hine-moana.com\/en\/#organization"},"potentialAction":[{"@type":"SearchAction","target":{"@type":"EntryPoint","urlTemplate":"https:\/\/hine-moana.com\/en\/?s={search_term_string}"},"query-input":{"@type":"PropertyValueSpecification","valueRequired":true,"valueName":"search_term_string"}}],"inLanguage":"en-US"},{"@type":"Organization","@id":"https:\/\/hine-moana.com\/en\/#organization","name":"Hine Moana","url":"https:\/\/hine-moana.com\/en\/","logo":{"@type":"ImageObject","inLanguage":"en-US","@id":"https:\/\/hine-moana.com\/en\/#\/schema\/logo\/image\/","url":"https:\/\/hine-moana.com\/wp-content\/uploads\/2021\/06\/logo-hine-moana-noir-1.svg","contentUrl":"https:\/\/hine-moana.com\/wp-content\/uploads\/2021\/06\/logo-hine-moana-noir-1.svg","width":1,"height":1,"caption":"Hine Moana"},"image":{"@id":"https:\/\/hine-moana.com\/en\/#\/schema\/logo\/image\/"},"sameAs":["https:\/\/www.facebook.com\/hinemoana.tahiti\/","https:\/\/www.instagram.com\/hinemoana.tahiti\/"]}]}},"_links":{"self":[{"href":"https:\/\/hine-moana.com\/en\/wp-json\/wp\/v2\/product\/3290","targetHints":{"allow":["GET"]}}],"collection":[{"href":"https:\/\/hine-moana.com\/en\/wp-json\/wp\/v2\/product"}],"about":[{"href":"https:\/\/hine-moana.com\/en\/wp-json\/wp\/v2\/types\/product"}],"wp:featuredmedia":[{"embeddable":true,"href":"https:\/\/hine-moana.com\/en\/wp-json\/wp\/v2\/media\/3291"}],"wp:attachment":[{"href":"https:\/\/hine-moana.com\/en\/wp-json\/wp\/v2\/media?parent=3290"}],"wp:term":[{"taxonomy":"product_brand","embeddable":true,"href":"https:\/\/hine-moana.com\/en\/wp-json\/wp\/v2\/product_brand?post=3290"},{"taxonomy":"product_cat","embeddable":true,"href":"https:\/\/hine-moana.com\/en\/wp-json\/wp\/v2\/product_cat?post=3290"},{"taxonomy":"product_tag","embeddable":true,"href":"https:\/\/hine-moana.com\/en\/wp-json\/wp\/v2\/product_tag?post=3290"}],"curies":[{"name":"wp","href":"https:\/\/api.w.org\/{rel}","templated":true}]}}