{"id":3310,"date":"2021-07-11T08:32:22","date_gmt":"2021-07-11T06:32:22","guid":{"rendered":"https:\/\/hine-moana.com\/?post_type=product&#038;p=3310"},"modified":"2021-08-12T15:20:54","modified_gmt":"2021-08-12T13:20:54","slug":"collier-ninamu","status":"publish","type":"product","link":"https:\/\/hine-moana.com\/en\/produit\/collier-ninamu\/","title":{"rendered":"Collier N\u012bnamu"},"content":{"rendered":"<p>Ce bijou est un mod\u00e8le color\u00e9 avec des pierres de Turquoise, mont\u00e9es sur un cordon en polyester. En son centre tr\u00f4ne une jolie perle cercl\u00e9e de Tahiti.<\/p>\n<p>&nbsp;<\/p>\n<h3>Caract\u00e9ristiques de la perle de Tahiti et des Turquoises<\/h3>\n<p>&nbsp;<\/p>\n<p>Perle de Tahiti : Taille 8 mm \u00e0 9,5 mm, Forme Cercl\u00e9e, Cat\u00e9gorie B<\/p>\n<p>Turquoises : Chips de Turquoises, largeur 2 mm \u00e0 5 mm, Grade AB<\/p>\n<p>&nbsp;<\/p>\n<p>NOTE<span class=\"Apple-converted-space\">\u00a0:<\/span>\u00a0Votre bijou peut ne pas \u00eatre identique \u00e0 celui ci. Toutes nos perles sont choisies \u00e0 la main et chacune a une couleur et un \u00e9clat intense. Chaque perle est unique, son \u00e9clat, sa taille ainsi que ses couleurs peuvent l\u00e9g\u00e8rement varier, c\u2019est ce qui rend votre bijou si particulier et rare. Cela fera de vous le propri\u00e9taire d\u2019un bijou unique au monde.<\/p>\n<p>&nbsp;<\/p>\n<p><a href=\"http:\/\/hine-moana.com\/perles-et-materiaux\/\">Voir plus d\u2019infos sur nos perles et nos pierres semi-pr\u00e9cieuses.<\/a><\/p>\n<p><a href=\"http:\/\/hine-moana.com\/conseils-et-entretiens\/\">Voir plus d\u2019infos sur nos types de fermoirs.<\/a><\/p>\n<p>&nbsp;<\/p>\n<p>&nbsp;<\/p>\n<p>&nbsp;<\/p>\n<p>Sur les photos, le tour de cou est de 35 cm et le mod\u00e8le est pr\u00e9sent\u00e9 en couleur \u2018Vert\u2019.<\/p>\n","protected":false},"excerpt":{"rendered":"<p>Collier ras du cou pour enfant sur cordon polyester avec perles de Turquoise et de Tahiti<\/p>\n","protected":false},"featured_media":3311,"template":"","meta":{"_acf_changed":false,"_et_pb_use_builder":"","_et_pb_old_content":"","_et_gb_content_width":""},"product_brand":[],"product_cat":[36],"product_tag":[],"class_list":{"0":"post-3310","1":"product","2":"type-product","3":"status-publish","4":"has-post-thumbnail","6":"product_cat-enfant","8":"first","9":"instock","10":"shipping-taxable","11":"purchasable","12":"product-type-variable"},"acf":[],"yoast_head":"<!-- This site is optimized with the Yoast SEO plugin v27.5 - https:\/\/yoast.com\/product\/yoast-seo-wordpress\/ -->\n<title>Collier N\u012bnamu | Hine Moana Tahiti<\/title>\n<meta name=\"robots\" content=\"index, follow, max-snippet:-1, max-image-preview:large, max-video-preview:-1\" \/>\n<link rel=\"canonical\" href=\"https:\/\/hine-moana.com\/en\/produit\/collier-ninamu\/\" \/>\n<meta property=\"og:locale\" content=\"en_US\" \/>\n<meta property=\"og:type\" content=\"article\" \/>\n<meta property=\"og:title\" content=\"Collier N\u012bnamu | Hine Moana Tahiti\" \/>\n<meta property=\"og:description\" content=\"Collier ras du cou pour enfant sur cordon polyester avec perles de Turquoise et de Tahiti\" \/>\n<meta property=\"og:url\" content=\"https:\/\/hine-moana.com\/en\/produit\/collier-ninamu\/\" \/>\n<meta property=\"og:site_name\" content=\"Hine Moana Tahiti\" \/>\n<meta property=\"article:publisher\" content=\"https:\/\/www.facebook.com\/hinemoana.tahiti\/\" \/>\n<meta property=\"article:modified_time\" content=\"2021-08-12T13:20:54+00:00\" \/>\n<meta property=\"og:image\" content=\"https:\/\/hine-moana.com\/wp-content\/uploads\/2021\/07\/img-4263-scaled.jpg\" \/>\n\t<meta property=\"og:image:width\" content=\"2048\" \/>\n\t<meta property=\"og:image:height\" content=\"1557\" \/>\n\t<meta property=\"og:image:type\" content=\"image\/jpeg\" \/>\n<meta name=\"twitter:card\" content=\"summary_large_image\" \/>\n<meta name=\"twitter:label1\" content=\"Est. reading time\" \/>\n\t<meta name=\"twitter:data1\" content=\"1 minute\" \/>\n<script type=\"application\/ld+json\" class=\"yoast-schema-graph\">{\"@context\":\"https:\\\/\\\/schema.org\",\"@graph\":[{\"@type\":\"WebPage\",\"@id\":\"https:\\\/\\\/hine-moana.com\\\/en\\\/produit\\\/collier-ninamu\\\/\",\"url\":\"https:\\\/\\\/hine-moana.com\\\/en\\\/produit\\\/collier-ninamu\\\/\",\"name\":\"Collier N\u012bnamu | Hine Moana Tahiti\",\"isPartOf\":{\"@id\":\"https:\\\/\\\/hine-moana.com\\\/en\\\/#website\"},\"primaryImageOfPage\":{\"@id\":\"https:\\\/\\\/hine-moana.com\\\/en\\\/produit\\\/collier-ninamu\\\/#primaryimage\"},\"image\":{\"@id\":\"https:\\\/\\\/hine-moana.com\\\/en\\\/produit\\\/collier-ninamu\\\/#primaryimage\"},\"thumbnailUrl\":\"https:\\\/\\\/hine-moana.com\\\/wp-content\\\/uploads\\\/2021\\\/07\\\/img-4263-scaled.jpg\",\"datePublished\":\"2021-07-11T06:32:22+00:00\",\"dateModified\":\"2021-08-12T13:20:54+00:00\",\"breadcrumb\":{\"@id\":\"https:\\\/\\\/hine-moana.com\\\/en\\\/produit\\\/collier-ninamu\\\/#breadcrumb\"},\"inLanguage\":\"en-US\",\"potentialAction\":[{\"@type\":\"ReadAction\",\"target\":[\"https:\\\/\\\/hine-moana.com\\\/en\\\/produit\\\/collier-ninamu\\\/\"]}]},{\"@type\":\"ImageObject\",\"inLanguage\":\"en-US\",\"@id\":\"https:\\\/\\\/hine-moana.com\\\/en\\\/produit\\\/collier-ninamu\\\/#primaryimage\",\"url\":\"https:\\\/\\\/hine-moana.com\\\/wp-content\\\/uploads\\\/2021\\\/07\\\/img-4263-scaled.jpg\",\"contentUrl\":\"https:\\\/\\\/hine-moana.com\\\/wp-content\\\/uploads\\\/2021\\\/07\\\/img-4263-scaled.jpg\",\"width\":2048,\"height\":1557,\"caption\":\"Collier N\u012bnamu\"},{\"@type\":\"BreadcrumbList\",\"@id\":\"https:\\\/\\\/hine-moana.com\\\/en\\\/produit\\\/collier-ninamu\\\/#breadcrumb\",\"itemListElement\":[{\"@type\":\"ListItem\",\"position\":1,\"name\":\"Accueil\",\"item\":\"https:\\\/\\\/hine-moana.com\\\/en\\\/\"},{\"@type\":\"ListItem\",\"position\":2,\"name\":\"Shop\",\"item\":\"https:\\\/\\\/hine-moana.com\\\/en\\\/shop\\\/\"},{\"@type\":\"ListItem\",\"position\":3,\"name\":\"Collier N\u012bnamu\"}]},{\"@type\":\"WebSite\",\"@id\":\"https:\\\/\\\/hine-moana.com\\\/en\\\/#website\",\"url\":\"https:\\\/\\\/hine-moana.com\\\/en\\\/\",\"name\":\"Hine Moana Tahiti\",\"description\":\"Dare to enjoy the senses\",\"publisher\":{\"@id\":\"https:\\\/\\\/hine-moana.com\\\/en\\\/#organization\"},\"potentialAction\":[{\"@type\":\"SearchAction\",\"target\":{\"@type\":\"EntryPoint\",\"urlTemplate\":\"https:\\\/\\\/hine-moana.com\\\/en\\\/?s={search_term_string}\"},\"query-input\":{\"@type\":\"PropertyValueSpecification\",\"valueRequired\":true,\"valueName\":\"search_term_string\"}}],\"inLanguage\":\"en-US\"},{\"@type\":\"Organization\",\"@id\":\"https:\\\/\\\/hine-moana.com\\\/en\\\/#organization\",\"name\":\"Hine Moana\",\"url\":\"https:\\\/\\\/hine-moana.com\\\/en\\\/\",\"logo\":{\"@type\":\"ImageObject\",\"inLanguage\":\"en-US\",\"@id\":\"https:\\\/\\\/hine-moana.com\\\/en\\\/#\\\/schema\\\/logo\\\/image\\\/\",\"url\":\"https:\\\/\\\/hine-moana.com\\\/wp-content\\\/uploads\\\/2021\\\/06\\\/logo-hine-moana-noir-1.svg\",\"contentUrl\":\"https:\\\/\\\/hine-moana.com\\\/wp-content\\\/uploads\\\/2021\\\/06\\\/logo-hine-moana-noir-1.svg\",\"width\":1,\"height\":1,\"caption\":\"Hine Moana\"},\"image\":{\"@id\":\"https:\\\/\\\/hine-moana.com\\\/en\\\/#\\\/schema\\\/logo\\\/image\\\/\"},\"sameAs\":[\"https:\\\/\\\/www.facebook.com\\\/hinemoana.tahiti\\\/\",\"https:\\\/\\\/www.instagram.com\\\/hinemoana.tahiti\\\/\"]}]}<\/script>\n<!-- \/ Yoast SEO plugin. -->","yoast_head_json":{"title":"Collier N\u012bnamu | Hine Moana Tahiti","robots":{"index":"index","follow":"follow","max-snippet":"max-snippet:-1","max-image-preview":"max-image-preview:large","max-video-preview":"max-video-preview:-1"},"canonical":"https:\/\/hine-moana.com\/en\/produit\/collier-ninamu\/","og_locale":"en_US","og_type":"article","og_title":"Collier N\u012bnamu | Hine Moana Tahiti","og_description":"Collier ras du cou pour enfant sur cordon polyester avec perles de Turquoise et de Tahiti","og_url":"https:\/\/hine-moana.com\/en\/produit\/collier-ninamu\/","og_site_name":"Hine Moana Tahiti","article_publisher":"https:\/\/www.facebook.com\/hinemoana.tahiti\/","article_modified_time":"2021-08-12T13:20:54+00:00","og_image":[{"width":2048,"height":1557,"url":"https:\/\/hine-moana.com\/wp-content\/uploads\/2021\/07\/img-4263-scaled.jpg","type":"image\/jpeg"}],"twitter_card":"summary_large_image","twitter_misc":{"Est. reading time":"1 minute"},"schema":{"@context":"https:\/\/schema.org","@graph":[{"@type":"WebPage","@id":"https:\/\/hine-moana.com\/en\/produit\/collier-ninamu\/","url":"https:\/\/hine-moana.com\/en\/produit\/collier-ninamu\/","name":"Collier N\u012bnamu | Hine Moana Tahiti","isPartOf":{"@id":"https:\/\/hine-moana.com\/en\/#website"},"primaryImageOfPage":{"@id":"https:\/\/hine-moana.com\/en\/produit\/collier-ninamu\/#primaryimage"},"image":{"@id":"https:\/\/hine-moana.com\/en\/produit\/collier-ninamu\/#primaryimage"},"thumbnailUrl":"https:\/\/hine-moana.com\/wp-content\/uploads\/2021\/07\/img-4263-scaled.jpg","datePublished":"2021-07-11T06:32:22+00:00","dateModified":"2021-08-12T13:20:54+00:00","breadcrumb":{"@id":"https:\/\/hine-moana.com\/en\/produit\/collier-ninamu\/#breadcrumb"},"inLanguage":"en-US","potentialAction":[{"@type":"ReadAction","target":["https:\/\/hine-moana.com\/en\/produit\/collier-ninamu\/"]}]},{"@type":"ImageObject","inLanguage":"en-US","@id":"https:\/\/hine-moana.com\/en\/produit\/collier-ninamu\/#primaryimage","url":"https:\/\/hine-moana.com\/wp-content\/uploads\/2021\/07\/img-4263-scaled.jpg","contentUrl":"https:\/\/hine-moana.com\/wp-content\/uploads\/2021\/07\/img-4263-scaled.jpg","width":2048,"height":1557,"caption":"Collier N\u012bnamu"},{"@type":"BreadcrumbList","@id":"https:\/\/hine-moana.com\/en\/produit\/collier-ninamu\/#breadcrumb","itemListElement":[{"@type":"ListItem","position":1,"name":"Accueil","item":"https:\/\/hine-moana.com\/en\/"},{"@type":"ListItem","position":2,"name":"Shop","item":"https:\/\/hine-moana.com\/en\/shop\/"},{"@type":"ListItem","position":3,"name":"Collier N\u012bnamu"}]},{"@type":"WebSite","@id":"https:\/\/hine-moana.com\/en\/#website","url":"https:\/\/hine-moana.com\/en\/","name":"Hine Moana Tahiti","description":"Dare to enjoy the senses","publisher":{"@id":"https:\/\/hine-moana.com\/en\/#organization"},"potentialAction":[{"@type":"SearchAction","target":{"@type":"EntryPoint","urlTemplate":"https:\/\/hine-moana.com\/en\/?s={search_term_string}"},"query-input":{"@type":"PropertyValueSpecification","valueRequired":true,"valueName":"search_term_string"}}],"inLanguage":"en-US"},{"@type":"Organization","@id":"https:\/\/hine-moana.com\/en\/#organization","name":"Hine Moana","url":"https:\/\/hine-moana.com\/en\/","logo":{"@type":"ImageObject","inLanguage":"en-US","@id":"https:\/\/hine-moana.com\/en\/#\/schema\/logo\/image\/","url":"https:\/\/hine-moana.com\/wp-content\/uploads\/2021\/06\/logo-hine-moana-noir-1.svg","contentUrl":"https:\/\/hine-moana.com\/wp-content\/uploads\/2021\/06\/logo-hine-moana-noir-1.svg","width":1,"height":1,"caption":"Hine Moana"},"image":{"@id":"https:\/\/hine-moana.com\/en\/#\/schema\/logo\/image\/"},"sameAs":["https:\/\/www.facebook.com\/hinemoana.tahiti\/","https:\/\/www.instagram.com\/hinemoana.tahiti\/"]}]}},"_links":{"self":[{"href":"https:\/\/hine-moana.com\/en\/wp-json\/wp\/v2\/product\/3310","targetHints":{"allow":["GET"]}}],"collection":[{"href":"https:\/\/hine-moana.com\/en\/wp-json\/wp\/v2\/product"}],"about":[{"href":"https:\/\/hine-moana.com\/en\/wp-json\/wp\/v2\/types\/product"}],"wp:featuredmedia":[{"embeddable":true,"href":"https:\/\/hine-moana.com\/en\/wp-json\/wp\/v2\/media\/3311"}],"wp:attachment":[{"href":"https:\/\/hine-moana.com\/en\/wp-json\/wp\/v2\/media?parent=3310"}],"wp:term":[{"taxonomy":"product_brand","embeddable":true,"href":"https:\/\/hine-moana.com\/en\/wp-json\/wp\/v2\/product_brand?post=3310"},{"taxonomy":"product_cat","embeddable":true,"href":"https:\/\/hine-moana.com\/en\/wp-json\/wp\/v2\/product_cat?post=3310"},{"taxonomy":"product_tag","embeddable":true,"href":"https:\/\/hine-moana.com\/en\/wp-json\/wp\/v2\/product_tag?post=3310"}],"curies":[{"name":"wp","href":"https:\/\/api.w.org\/{rel}","templated":true}]}}