{"id":3352,"date":"2021-07-11T12:56:25","date_gmt":"2021-07-11T10:56:25","guid":{"rendered":"https:\/\/hine-moana.com\/?post_type=product&#038;p=3352"},"modified":"2023-10-31T07:34:55","modified_gmt":"2023-10-31T06:34:55","slug":"collier-pupu","status":"publish","type":"product","link":"https:\/\/hine-moana.com\/en\/produit\/collier-pupu\/","title":{"rendered":"Collier P\u016bp\u016b"},"content":{"rendered":"<p>Ce collier est un mod\u00e8le simple sur cordon polyester \u00e0 noeuds coulissants. Trois coquillages sont joliment dispos\u00e9s sur l&#8217;avant du bijou.<\/p>\n<p>&nbsp;<\/p>\n<p>Taille des coquillages : 1 \u00e0 1,5 cm<\/p>\n<p>&nbsp;<\/p>\n<p>NOTE<span class=\"Apple-converted-space\">\u00a0:<\/span>\u00a0Votre bijou peut ne pas \u00eatre identique \u00e0 celui ci. Toutes nos perles sont choisies \u00e0 la main et chacune a une couleur et un \u00e9clat intense. Chaque perle est unique, son \u00e9clat, sa taille ainsi que ses couleurs peuvent l\u00e9g\u00e8rement varier, c\u2019est ce qui rend votre bijou si particulier et rare. Cela fera de vous le propri\u00e9taire d\u2019un bijou unique au monde.<\/p>\n<p>&nbsp;<\/p>\n<p>&nbsp;<\/p>\n<p>&nbsp;<\/p>\n<p>Sur les photos, le collier est pr\u00e9sent\u00e9 en &#8216;Turquoise&#8217;<\/p>\n","protected":false},"excerpt":{"rendered":"<p>Collier sur cordon polyester avec trois coquillages pour enfant<\/p>\n","protected":false},"featured_media":3353,"template":"","meta":{"_acf_changed":false,"_et_pb_use_builder":"","_et_pb_old_content":"","_et_gb_content_width":""},"product_brand":[],"product_cat":[279,36],"product_tag":[],"class_list":{"0":"post-3352","1":"product","2":"type-product","3":"status-publish","4":"has-post-thumbnail","6":"product_cat-collier-enfant","7":"product_cat-enfant","9":"first","10":"instock","11":"shipping-taxable","12":"purchasable","13":"product-type-variable"},"acf":[],"yoast_head":"<!-- This site is optimized with the Yoast SEO plugin v27.5 - https:\/\/yoast.com\/product\/yoast-seo-wordpress\/ -->\n<title>Collier P\u016bp\u016b | Hine Moana Tahiti<\/title>\n<meta name=\"robots\" content=\"index, follow, max-snippet:-1, max-image-preview:large, max-video-preview:-1\" \/>\n<link rel=\"canonical\" href=\"https:\/\/hine-moana.com\/en\/produit\/collier-pupu\/\" \/>\n<meta property=\"og:locale\" content=\"en_US\" \/>\n<meta property=\"og:type\" content=\"article\" \/>\n<meta property=\"og:title\" content=\"Collier P\u016bp\u016b | Hine Moana Tahiti\" \/>\n<meta property=\"og:description\" content=\"Collier sur cordon polyester avec trois coquillages pour enfant\" \/>\n<meta property=\"og:url\" content=\"https:\/\/hine-moana.com\/en\/produit\/collier-pupu\/\" \/>\n<meta property=\"og:site_name\" content=\"Hine Moana Tahiti\" \/>\n<meta property=\"article:publisher\" content=\"https:\/\/www.facebook.com\/hinemoana.tahiti\/\" \/>\n<meta property=\"article:modified_time\" content=\"2023-10-31T06:34:55+00:00\" \/>\n<meta property=\"og:image\" content=\"https:\/\/hine-moana.com\/wp-content\/uploads\/2021\/07\/img-3757-scaled.jpg\" \/>\n\t<meta property=\"og:image:width\" content=\"2048\" \/>\n\t<meta property=\"og:image:height\" content=\"1365\" \/>\n\t<meta property=\"og:image:type\" content=\"image\/jpeg\" \/>\n<meta name=\"twitter:card\" content=\"summary_large_image\" \/>\n<meta name=\"twitter:label1\" content=\"Est. reading time\" \/>\n\t<meta name=\"twitter:data1\" content=\"1 minute\" \/>\n<script type=\"application\/ld+json\" class=\"yoast-schema-graph\">{\"@context\":\"https:\\\/\\\/schema.org\",\"@graph\":[{\"@type\":\"WebPage\",\"@id\":\"https:\\\/\\\/hine-moana.com\\\/en\\\/produit\\\/collier-pupu\\\/\",\"url\":\"https:\\\/\\\/hine-moana.com\\\/en\\\/produit\\\/collier-pupu\\\/\",\"name\":\"Collier P\u016bp\u016b | Hine Moana Tahiti\",\"isPartOf\":{\"@id\":\"https:\\\/\\\/hine-moana.com\\\/en\\\/#website\"},\"primaryImageOfPage\":{\"@id\":\"https:\\\/\\\/hine-moana.com\\\/en\\\/produit\\\/collier-pupu\\\/#primaryimage\"},\"image\":{\"@id\":\"https:\\\/\\\/hine-moana.com\\\/en\\\/produit\\\/collier-pupu\\\/#primaryimage\"},\"thumbnailUrl\":\"https:\\\/\\\/hine-moana.com\\\/wp-content\\\/uploads\\\/2021\\\/07\\\/img-3757-scaled.jpg\",\"datePublished\":\"2021-07-11T10:56:25+00:00\",\"dateModified\":\"2023-10-31T06:34:55+00:00\",\"breadcrumb\":{\"@id\":\"https:\\\/\\\/hine-moana.com\\\/en\\\/produit\\\/collier-pupu\\\/#breadcrumb\"},\"inLanguage\":\"en-US\",\"potentialAction\":[{\"@type\":\"ReadAction\",\"target\":[\"https:\\\/\\\/hine-moana.com\\\/en\\\/produit\\\/collier-pupu\\\/\"]}]},{\"@type\":\"ImageObject\",\"inLanguage\":\"en-US\",\"@id\":\"https:\\\/\\\/hine-moana.com\\\/en\\\/produit\\\/collier-pupu\\\/#primaryimage\",\"url\":\"https:\\\/\\\/hine-moana.com\\\/wp-content\\\/uploads\\\/2021\\\/07\\\/img-3757-scaled.jpg\",\"contentUrl\":\"https:\\\/\\\/hine-moana.com\\\/wp-content\\\/uploads\\\/2021\\\/07\\\/img-3757-scaled.jpg\",\"width\":2048,\"height\":1365,\"caption\":\"Collier P\u016bp\u016b\"},{\"@type\":\"BreadcrumbList\",\"@id\":\"https:\\\/\\\/hine-moana.com\\\/en\\\/produit\\\/collier-pupu\\\/#breadcrumb\",\"itemListElement\":[{\"@type\":\"ListItem\",\"position\":1,\"name\":\"Accueil\",\"item\":\"https:\\\/\\\/hine-moana.com\\\/en\\\/\"},{\"@type\":\"ListItem\",\"position\":2,\"name\":\"Shop\",\"item\":\"https:\\\/\\\/hine-moana.com\\\/en\\\/shop\\\/\"},{\"@type\":\"ListItem\",\"position\":3,\"name\":\"Collier P\u016bp\u016b\"}]},{\"@type\":\"WebSite\",\"@id\":\"https:\\\/\\\/hine-moana.com\\\/en\\\/#website\",\"url\":\"https:\\\/\\\/hine-moana.com\\\/en\\\/\",\"name\":\"Hine Moana Tahiti\",\"description\":\"Dare to enjoy the senses\",\"publisher\":{\"@id\":\"https:\\\/\\\/hine-moana.com\\\/en\\\/#organization\"},\"potentialAction\":[{\"@type\":\"SearchAction\",\"target\":{\"@type\":\"EntryPoint\",\"urlTemplate\":\"https:\\\/\\\/hine-moana.com\\\/en\\\/?s={search_term_string}\"},\"query-input\":{\"@type\":\"PropertyValueSpecification\",\"valueRequired\":true,\"valueName\":\"search_term_string\"}}],\"inLanguage\":\"en-US\"},{\"@type\":\"Organization\",\"@id\":\"https:\\\/\\\/hine-moana.com\\\/en\\\/#organization\",\"name\":\"Hine Moana\",\"url\":\"https:\\\/\\\/hine-moana.com\\\/en\\\/\",\"logo\":{\"@type\":\"ImageObject\",\"inLanguage\":\"en-US\",\"@id\":\"https:\\\/\\\/hine-moana.com\\\/en\\\/#\\\/schema\\\/logo\\\/image\\\/\",\"url\":\"https:\\\/\\\/hine-moana.com\\\/wp-content\\\/uploads\\\/2021\\\/06\\\/logo-hine-moana-noir-1.svg\",\"contentUrl\":\"https:\\\/\\\/hine-moana.com\\\/wp-content\\\/uploads\\\/2021\\\/06\\\/logo-hine-moana-noir-1.svg\",\"width\":1,\"height\":1,\"caption\":\"Hine Moana\"},\"image\":{\"@id\":\"https:\\\/\\\/hine-moana.com\\\/en\\\/#\\\/schema\\\/logo\\\/image\\\/\"},\"sameAs\":[\"https:\\\/\\\/www.facebook.com\\\/hinemoana.tahiti\\\/\",\"https:\\\/\\\/www.instagram.com\\\/hinemoana.tahiti\\\/\"]}]}<\/script>\n<!-- \/ Yoast SEO plugin. -->","yoast_head_json":{"title":"Collier P\u016bp\u016b | Hine Moana Tahiti","robots":{"index":"index","follow":"follow","max-snippet":"max-snippet:-1","max-image-preview":"max-image-preview:large","max-video-preview":"max-video-preview:-1"},"canonical":"https:\/\/hine-moana.com\/en\/produit\/collier-pupu\/","og_locale":"en_US","og_type":"article","og_title":"Collier P\u016bp\u016b | Hine Moana Tahiti","og_description":"Collier sur cordon polyester avec trois coquillages pour enfant","og_url":"https:\/\/hine-moana.com\/en\/produit\/collier-pupu\/","og_site_name":"Hine Moana Tahiti","article_publisher":"https:\/\/www.facebook.com\/hinemoana.tahiti\/","article_modified_time":"2023-10-31T06:34:55+00:00","og_image":[{"width":2048,"height":1365,"url":"https:\/\/hine-moana.com\/wp-content\/uploads\/2021\/07\/img-3757-scaled.jpg","type":"image\/jpeg"}],"twitter_card":"summary_large_image","twitter_misc":{"Est. reading time":"1 minute"},"schema":{"@context":"https:\/\/schema.org","@graph":[{"@type":"WebPage","@id":"https:\/\/hine-moana.com\/en\/produit\/collier-pupu\/","url":"https:\/\/hine-moana.com\/en\/produit\/collier-pupu\/","name":"Collier P\u016bp\u016b | Hine Moana Tahiti","isPartOf":{"@id":"https:\/\/hine-moana.com\/en\/#website"},"primaryImageOfPage":{"@id":"https:\/\/hine-moana.com\/en\/produit\/collier-pupu\/#primaryimage"},"image":{"@id":"https:\/\/hine-moana.com\/en\/produit\/collier-pupu\/#primaryimage"},"thumbnailUrl":"https:\/\/hine-moana.com\/wp-content\/uploads\/2021\/07\/img-3757-scaled.jpg","datePublished":"2021-07-11T10:56:25+00:00","dateModified":"2023-10-31T06:34:55+00:00","breadcrumb":{"@id":"https:\/\/hine-moana.com\/en\/produit\/collier-pupu\/#breadcrumb"},"inLanguage":"en-US","potentialAction":[{"@type":"ReadAction","target":["https:\/\/hine-moana.com\/en\/produit\/collier-pupu\/"]}]},{"@type":"ImageObject","inLanguage":"en-US","@id":"https:\/\/hine-moana.com\/en\/produit\/collier-pupu\/#primaryimage","url":"https:\/\/hine-moana.com\/wp-content\/uploads\/2021\/07\/img-3757-scaled.jpg","contentUrl":"https:\/\/hine-moana.com\/wp-content\/uploads\/2021\/07\/img-3757-scaled.jpg","width":2048,"height":1365,"caption":"Collier P\u016bp\u016b"},{"@type":"BreadcrumbList","@id":"https:\/\/hine-moana.com\/en\/produit\/collier-pupu\/#breadcrumb","itemListElement":[{"@type":"ListItem","position":1,"name":"Accueil","item":"https:\/\/hine-moana.com\/en\/"},{"@type":"ListItem","position":2,"name":"Shop","item":"https:\/\/hine-moana.com\/en\/shop\/"},{"@type":"ListItem","position":3,"name":"Collier P\u016bp\u016b"}]},{"@type":"WebSite","@id":"https:\/\/hine-moana.com\/en\/#website","url":"https:\/\/hine-moana.com\/en\/","name":"Hine Moana Tahiti","description":"Dare to enjoy the senses","publisher":{"@id":"https:\/\/hine-moana.com\/en\/#organization"},"potentialAction":[{"@type":"SearchAction","target":{"@type":"EntryPoint","urlTemplate":"https:\/\/hine-moana.com\/en\/?s={search_term_string}"},"query-input":{"@type":"PropertyValueSpecification","valueRequired":true,"valueName":"search_term_string"}}],"inLanguage":"en-US"},{"@type":"Organization","@id":"https:\/\/hine-moana.com\/en\/#organization","name":"Hine Moana","url":"https:\/\/hine-moana.com\/en\/","logo":{"@type":"ImageObject","inLanguage":"en-US","@id":"https:\/\/hine-moana.com\/en\/#\/schema\/logo\/image\/","url":"https:\/\/hine-moana.com\/wp-content\/uploads\/2021\/06\/logo-hine-moana-noir-1.svg","contentUrl":"https:\/\/hine-moana.com\/wp-content\/uploads\/2021\/06\/logo-hine-moana-noir-1.svg","width":1,"height":1,"caption":"Hine Moana"},"image":{"@id":"https:\/\/hine-moana.com\/en\/#\/schema\/logo\/image\/"},"sameAs":["https:\/\/www.facebook.com\/hinemoana.tahiti\/","https:\/\/www.instagram.com\/hinemoana.tahiti\/"]}]}},"_links":{"self":[{"href":"https:\/\/hine-moana.com\/en\/wp-json\/wp\/v2\/product\/3352","targetHints":{"allow":["GET"]}}],"collection":[{"href":"https:\/\/hine-moana.com\/en\/wp-json\/wp\/v2\/product"}],"about":[{"href":"https:\/\/hine-moana.com\/en\/wp-json\/wp\/v2\/types\/product"}],"wp:featuredmedia":[{"embeddable":true,"href":"https:\/\/hine-moana.com\/en\/wp-json\/wp\/v2\/media\/3353"}],"wp:attachment":[{"href":"https:\/\/hine-moana.com\/en\/wp-json\/wp\/v2\/media?parent=3352"}],"wp:term":[{"taxonomy":"product_brand","embeddable":true,"href":"https:\/\/hine-moana.com\/en\/wp-json\/wp\/v2\/product_brand?post=3352"},{"taxonomy":"product_cat","embeddable":true,"href":"https:\/\/hine-moana.com\/en\/wp-json\/wp\/v2\/product_cat?post=3352"},{"taxonomy":"product_tag","embeddable":true,"href":"https:\/\/hine-moana.com\/en\/wp-json\/wp\/v2\/product_tag?post=3352"}],"curies":[{"name":"wp","href":"https:\/\/api.w.org\/{rel}","templated":true}]}}